{"id":223,"date":"2019-11-26T15:06:07","date_gmt":"2019-11-26T14:06:07","guid":{"rendered":"http:\/\/www.solvberg.no\/?page_id=223"},"modified":"2021-02-09T16:01:04","modified_gmt":"2021-02-09T15:01:04","slug":"organisasjonsutvikling","status":"publish","type":"page","link":"https:\/\/www.solvberg.no\/?page_id=223&lang=nb","title":{"rendered":"Organisasjonsutvikling"},"content":{"rendered":"\n<p>Jan S\u00f8lvberg har over 15 \u00e5rs erfaring med tjenester innen Organisasjonsutvikling.<\/p>\n\n\n\n<p>Han hjelper ledere\u00a0og organisasjoner med \u00e5 finne, og ta, det neste steget som er n\u00f8dvendig for at deres organisasjon skal f\u00e5 en positiv utvikling. Dette kan skje p\u00e5 mange plan bl.a. gjennom lederutvikling, teamutvikling, coaching, endrings- og innovasjons-prosesser.<\/p>\n\n\n\n<p><strong>Lederutvikling, Lederteam, Teamutvikling<\/strong><\/p>\n\n\n\n<p>Gjennom sitt arbeid gir Jan organisasjoner et l\u00f8ft og bringer de videre til nye h\u00f8yder. Lederutvikling kan gj\u00f8res p\u00e5 mange ulike m\u00e5ter siden alle har ulike behov; derfor tilpasses alle opplegg til deltakernes behov.<\/p>\n\n\n\n<p>Team, enten det er lederteam eller en avdelingsteam, er ofte sammensatt p\u00e5 en slik m\u00e5te at de ikke jobber effektivt. Noen ganger strander det pga. manglende tillit eller at man unng\u00e5r \u00e5 ta opp viktige saker i frykt for \u00e5 skape en konflikt. Min oppgave er \u00e5 se hvor foten trykker og dernest \u00e5 designe et opplegg som gj\u00f8r at teamet samarbeider og oppn\u00e5r resultater.<\/p>\n\n\n\n<p><strong>Endrings- og Innovasjonsprosesser<\/strong><\/p>\n\n\n\n<p>Alle organisasjoner (og individer) er i konstant endring enten man vil eller ikke. Ved \u00e5 skape prosesser som involverer og utfordrer har man st\u00f8rre mulighet for \u00e5 oppn\u00e5 varige resultater.<\/p>\n\n\n\n<p>Samtidig er det n\u00f8dvendig med m\u00e5lrettet og langsiktig innsats &#8211; skippertak er sjelden l\u00f8sningen.<\/p>\n\n\n\n<p>Markeder endrer seg og nye behov skapes. For at produktene skal f\u00f8lge med i tiden er Front End Innovation en forutsetning. Den tidlige delen i innovasjonsprosessen er ikke kjent for s\u00e5 mange &#8211; ofte hoppes det (for) raskt til produktutvikling; &laquo;f\u00f8rste-og-beste ide syndrom&raquo;. Innotiimi har over 30 \u00e5rs erfaring med innovasjonsprosesser og har bidratt til en rekke nyvinninger p\u00e5 ulike omr\u00e5der.<\/p>\n\n\n\n<p>English:<\/p>\n\n\n\n<p>Most of my work is concentrated around helping leaders take the steps necessary to develop their organizations towards a positive future. By exploring the topics that occur, finding the bottlenecks and encouraging innovative views the process gets started.<\/p>\n\n\n\n<p>New developments can become real by taking ownership and creating commitment. By designing special team development programs we enhance the performance of the team, department or organization. In some cases leadership development programs need to be specifically designed to aid the leaders take on new challenges in a different way to what they are used to.<\/p>\n\n\n\n<p>The end result is a healthier, resilient and more profitable organization.<\/p>\n\n\n\n<p>Specialties: Coaching &amp; Mentoring of leaders and individuals, Leadership training, Innovation and Change processes, Team building, Strategy.<\/p>\n\n\n\n<p>See also: <a href=\"http:\/\/www.linkedin.com\/in\/jansolvberg\">http:\/\/www.linkedin.com\/in\/jansolvberg<\/a><\/p>\n","protected":false},"excerpt":{"rendered":"<p>Jan S\u00f8lvberg har over 15 \u00e5rs erfaring med tjenester innen Organisasjonsutvikling. Han hjelper ledere\u00a0og organisasjoner med \u00e5 finne, og ta, det neste steget som er n\u00f8dvendig for at deres organisasjon skal f\u00e5 en positiv utvikling. Dette kan skje p\u00e5 mange plan bl.a. gjennom lederutvikling, teamutvikling, coaching, endrings- og innovasjons-prosesser. Lederutvikling, Lederteam, Teamutvikling Gjennom sitt arbeid &hellip; <\/p>\n<p class=\"link-more\"><a href=\"https:\/\/www.solvberg.no\/?page_id=223&#038;lang=nb\" class=\"more-link\">Fortsett \u00e5 lese<span class=\"screen-reader-text\"> \u00abOrganisasjonsutvikling\u00bb<\/span><\/a><\/p>\n","protected":false},"author":1,"featured_media":0,"parent":0,"menu_order":0,"comment_status":"closed","ping_status":"closed","template":"","meta":{"footnotes":""},"class_list":["post-223","page","type-page","status-publish","hentry"],"_links":{"self":[{"href":"https:\/\/www.solvberg.no\/index.php?rest_route=\/wp\/v2\/pages\/223","targetHints":{"allow":["GET"]}}],"collection":[{"href":"https:\/\/www.solvberg.no\/index.php?rest_route=\/wp\/v2\/pages"}],"about":[{"href":"https:\/\/www.solvberg.no\/index.php?rest_route=\/wp\/v2\/types\/page"}],"author":[{"embeddable":true,"href":"https:\/\/www.solvberg.no\/index.php?rest_route=\/wp\/v2\/users\/1"}],"replies":[{"embeddable":true,"href":"https:\/\/www.solvberg.no\/index.php?rest_route=%2Fwp%2Fv2%2Fcomments&post=223"}],"version-history":[{"count":4,"href":"https:\/\/www.solvberg.no\/index.php?rest_route=\/wp\/v2\/pages\/223\/revisions"}],"predecessor-version":[{"id":305,"href":"https:\/\/www.solvberg.no\/index.php?rest_route=\/wp\/v2\/pages\/223\/revisions\/305"}],"wp:attachment":[{"href":"https:\/\/www.solvberg.no\/index.php?rest_route=%2Fwp%2Fv2%2Fmedia&parent=223"}],"curies":[{"name":"wp","href":"https:\/\/api.w.org\/{rel}","templated":true}]}}